{"id":11,"date":"2026-03-19T14:32:57","date_gmt":"2026-03-19T17:32:57","guid":{"rendered":"https:\/\/speedhorse.acloud.com.br\/?page_id=11"},"modified":"2026-03-20T17:12:35","modified_gmt":"2026-03-20T20:12:35","slug":"home","status":"publish","type":"page","link":"https:\/\/speedhorse.acloud.com.br\/","title":{"rendered":"Home"},"content":{"rendered":"<div class=\"et_pb_section_0 et_pb_section et_section_regular et_block_section et-pb-has-background-video et_pb_preload\"><span class=\"et-pb-background-video\"><video autoplay loop playsinline muted><source type=\"video\/mp4\" src=\"https:\/\/speedhorse.acloud.com.br\/wp-content\/uploads\/2026\/03\/0320.mp4\" \/><\/video><\/span>\n<div class=\"et_pb_row_0 et_pb_row et_block_row\">\n<div class=\"et_pb_column_0 et_pb_column et_pb_column_4_4 et-last-child et_block_column et_pb_css_mix_blend_mode_passthrough\">\n<div class=\"et_pb_text_0 et_pb_text et_pb_bg_layout_light et_pb_module et_block_module preset--module--divi-text--740b5372-be4f-4e0e-a00f-ac6c4016943b\"><div class=\"et_pb_text_inner\"><h1>Criado por cavaleiros,<\/h1>\n<h1>para cavaleiros.<\/h1>\n<\/div><\/div>\n\n<div class=\"et_pb_text_1 et_pb_text et_pb_bg_layout_light et_pb_module et_block_module preset--module--divi-text--b2b7ab98-a384-43e3-837a-bdbd86a4fb4b\"><div class=\"et_pb_text_inner\"><p>Prote\u00e7\u00e3o de elite para atletas de alta performance em hipismo<\/p>\n<\/div><\/div>\n\n<div class=\"et_pb_module et_pb_button_module_wrapper et_pb_button_0_wrapper preset--module--divi-button--3f95e686-32fc-4ae8-9099-15ff8a7ad8cf_wrapper\"><a class=\"et_pb_button_0 et_pb_button et_pb_bg_layout_light et_pb_module et_block_module preset--module--divi-button--3f95e686-32fc-4ae8-9099-15ff8a7ad8cf\" href=\"\">Conhe\u00e7a nossa loja virtual<\/a><\/div>\n<\/div>\n<\/div>\n\n<div class=\"et_pb_row_1 et_pb_row et_block_row\">\n<div class=\"et_pb_column_1 et_pb_column et_pb_column_4_4 et-last-child et_block_column et_pb_css_mix_blend_mode_passthrough\">\n<div class=\"et_pb_image_0 et_pb_image et_pb_module et_block_module\"><span class=\"et_pb_image_wrap\"><img loading=\"lazy\" decoding=\"async\" src=\"https:\/\/speedhorse.acloud.com.br\/wp-content\/uploads\/2026\/03\/watercolor-divider-01.png\" width=\"484\" height=\"268\" srcset=\"https:\/\/speedhorse.acloud.com.br\/wp-content\/uploads\/2026\/03\/watercolor-divider-01.png 484w, https:\/\/speedhorse.acloud.com.br\/wp-content\/uploads\/2026\/03\/watercolor-divider-01-480x266.png 480w\" sizes=\"(min-width: 0px) and (max-width: 480px) 480px, (min-width: 481px) 484px, 100vw\" class=\"wp-image-72\" title=\"watercolor-divider-01\" \/><\/span><\/div>\n<\/div>\n<\/div>\n<\/div>\n\n<div class=\"et_pb_section_1 et_pb_section et_section_regular et_block_section\">\n<div class=\"et_pb_row_2 et_pb_row et_block_row\">\n<div class=\"et_pb_column_2 et_pb_column et_pb_column_4_4 et-last-child et_block_column et_pb_css_mix_blend_mode_passthrough\">\n<div class=\"et_pb_text_2 et_pb_text et_pb_bg_layout_light et_pb_module et_block_module et_pb_text_align_center preset--module--divi-text--5405bb07-366a-4ff8-966a-284ba6089e11\"><div class=\"et_pb_text_inner\"><h2>Produtos<\/h2>\n<\/div><\/div>\n<\/div>\n<\/div>\n\n<div class=\"et_pb_row_3 et_pb_row et_flex_row\">\n<div class=\"et_pb_column_3 et_pb_column et_flex_column et_pb_css_mix_blend_mode_passthrough et_flex_column_8_24 et_flex_column_8_24_tablet et_flex_column_24_24_phone\">\n<div class=\"et_pb_wc_gallery_0 et_pb_wc_gallery et_pb_gallery et_pb_gallery et_pb_wc_gallery et_pb_wc_gallery_module et_pb_slider et_pb_gallery_fullwidth et_pb_module\"><div class=\"et_pb_module_inner\"><div class=\"et_pb_gallery et_pb_wc_gallery et_pb_slider et_pb_gallery_fullwidth\"><div class=\"et_pb_gallery_items et_post_gallery clearfix\" data-per_page=\"4\"><div class=\"et_pb_gallery_item et_pb_gallery_item_wc_gallery_0\"><div class=\"et_pb_gallery_image landscape\"><div data-thumb=\"https:\/\/speedhorse.acloud.com.br\/wp-content\/uploads\/2026\/03\/Q-2-400x284.jpg\" data-thumb-alt=\"\" data-thumb-srcset=\"\" data-thumb-sizes=\"\" class=\"woocommerce-product-gallery__image\">\n\t\t\t\t\t\t\t<a href=\"https:\/\/speedhorse.acloud.com.br\/wp-content\/uploads\/2026\/03\/Q-2-scaled.jpg\">\n\t\t\t\t\t\t\t\t<img width=\"400\" height=\"284\" src=\"https:\/\/speedhorse.acloud.com.br\/wp-content\/uploads\/2026\/03\/Q-2-400x284.jpg\" class=\"\" alt=\"\" data-caption=\"Q (2)\" data-src=\"https:\/\/speedhorse.acloud.com.br\/wp-content\/uploads\/2026\/03\/Q-2-scaled.jpg\" data-large_image=\"https:\/\/speedhorse.acloud.com.br\/wp-content\/uploads\/2026\/03\/Q-2-scaled.jpg\" data-large_image_width=\"2560\" data-large_image_height=\"1707\" decoding=\"async\" loading=\"lazy\" \/>\n\t\t\t\t\t\t\t<\/a>\n\t\t\t\t\t\t<\/div><span class=\"et_overlay\" data-icon=\"\" data-icon-tablet=\"\" data-icon-phone=\"\"><\/span><\/div><\/div><\/div><\/div><\/div><\/div>\n<\/div>\n\n<div class=\"et_pb_column_4 et_pb_column et_flex_column et_pb_css_mix_blend_mode_passthrough et_flex_column_8_24 et_flex_column_8_24_tablet et_flex_column_24_24_phone\">\n<div class=\"et_pb_wc_gallery_1 et_pb_wc_gallery et_pb_gallery et_pb_gallery et_pb_wc_gallery et_pb_wc_gallery_module et_pb_slider et_pb_gallery_fullwidth et_pb_module\"><div class=\"et_pb_module_inner\"><div class=\"et_pb_gallery et_pb_wc_gallery et_pb_slider et_pb_gallery_fullwidth\"><div class=\"et_pb_gallery_items et_post_gallery clearfix\" data-per_page=\"4\"><div class=\"et_pb_gallery_item et_pb_gallery_item_wc_gallery_0\"><div class=\"et_pb_gallery_image landscape\"><div data-thumb=\"https:\/\/speedhorse.acloud.com.br\/wp-content\/uploads\/2026\/03\/M-2-400x284.jpg\" data-thumb-alt=\"\" data-thumb-srcset=\"\" data-thumb-sizes=\"\" class=\"woocommerce-product-gallery__image\">\n\t\t\t\t\t\t\t<a href=\"https:\/\/speedhorse.acloud.com.br\/wp-content\/uploads\/2026\/03\/M-2-scaled.jpg\">\n\t\t\t\t\t\t\t\t<img width=\"400\" height=\"284\" src=\"https:\/\/speedhorse.acloud.com.br\/wp-content\/uploads\/2026\/03\/M-2-400x284.jpg\" class=\"\" alt=\"\" data-caption=\"M (2)\" data-src=\"https:\/\/speedhorse.acloud.com.br\/wp-content\/uploads\/2026\/03\/M-2-scaled.jpg\" data-large_image=\"https:\/\/speedhorse.acloud.com.br\/wp-content\/uploads\/2026\/03\/M-2-scaled.jpg\" data-large_image_width=\"2560\" data-large_image_height=\"1707\" decoding=\"async\" loading=\"lazy\" \/>\n\t\t\t\t\t\t\t<\/a>\n\t\t\t\t\t\t<\/div><span class=\"et_overlay\" data-icon=\"\" data-icon-tablet=\"\" data-icon-phone=\"\"><\/span><\/div><\/div><\/div><\/div><\/div><\/div>\n<\/div>\n\n<div class=\"et_pb_column_5 et_pb_column et-last-child et_flex_column et_pb_css_mix_blend_mode_passthrough et_flex_column_8_24 et_flex_column_8_24_tablet et_flex_column_24_24_phone\">\n<div class=\"et_pb_wc_gallery_2 et_pb_wc_gallery et_pb_gallery et_pb_gallery et_pb_wc_gallery et_pb_wc_gallery_module et_pb_slider et_pb_gallery_fullwidth et_pb_module\"><div class=\"et_pb_module_inner\"><div class=\"et_pb_gallery et_pb_wc_gallery et_pb_slider et_pb_gallery_fullwidth\"><div class=\"et_pb_gallery_items et_post_gallery clearfix\" data-per_page=\"4\"><div class=\"et_pb_gallery_item et_pb_gallery_item_wc_gallery_0\"><div class=\"et_pb_gallery_image landscape\"><div data-thumb=\"https:\/\/speedhorse.acloud.com.br\/wp-content\/uploads\/2026\/03\/F-2-400x284.jpg\" data-thumb-alt=\"\" data-thumb-srcset=\"\" data-thumb-sizes=\"\" class=\"woocommerce-product-gallery__image\">\n\t\t\t\t\t\t\t<a href=\"https:\/\/speedhorse.acloud.com.br\/wp-content\/uploads\/2026\/03\/F-2-scaled.jpg\">\n\t\t\t\t\t\t\t\t<img width=\"400\" height=\"284\" src=\"https:\/\/speedhorse.acloud.com.br\/wp-content\/uploads\/2026\/03\/F-2-400x284.jpg\" class=\"\" alt=\"\" data-caption=\"Kit Completo C\/ Skid Boot Verde Militar\" data-src=\"https:\/\/speedhorse.acloud.com.br\/wp-content\/uploads\/2026\/03\/F-2-scaled.jpg\" data-large_image=\"https:\/\/speedhorse.acloud.com.br\/wp-content\/uploads\/2026\/03\/F-2-scaled.jpg\" data-large_image_width=\"2560\" data-large_image_height=\"1707\" decoding=\"async\" loading=\"lazy\" \/>\n\t\t\t\t\t\t\t<\/a>\n\t\t\t\t\t\t<\/div><span class=\"et_overlay\" data-icon=\"\" data-icon-tablet=\"\" data-icon-phone=\"\"><\/span><\/div><\/div><\/div><\/div><\/div><\/div>\n<\/div>\n<\/div>\n<\/div>\n\n<div class=\"et_pb_section_2 et_pb_section et_section_regular et_block_section\">\n<div class=\"et_pb_row_4 et_pb_row et_block_row\">\n<div class=\"et_pb_column_6 et_pb_column et_pb_column_1_2 et_block_column et_pb_css_mix_blend_mode_passthrough\">\n<div class=\"et_pb_text_3 et_pb_text et_pb_bg_layout_light et_pb_module et_block_module preset--module--divi-text--5405bb07-366a-4ff8-966a-284ba6089e11\"><div class=\"et_pb_text_inner\"><h2>Prote\u00e7\u00e3o Absoluta. Performance Sem Limites.<\/h2>\n<\/div><\/div>\n\n<div class=\"et_pb_text_4 et_pb_text et_pb_bg_layout_light et_pb_module et_block_module preset--module--divi-text--b2b7ab98-a384-43e3-837a-bdbd86a4fb4b\"><div class=\"et_pb_text_inner\"><p>A <b data-path-to-node=\"6\" data-index-in-node=\"2\">Speed Horse<\/b> nasceu no cora\u00e7\u00e3o do mundo equino, fruto da observa\u00e7\u00e3o direta das necessidades de treinadores, competidores e criadores. N\u00e3o somos apenas fabricantes; somos apaixonados pela poeira, pelo cron\u00f4metro e, acima de tudo, pela integridade f\u00edsica dos cavalos. Nossa tradi\u00e7\u00e3o \u00e9 constru\u00edda sobre o respeito ao animal e o compromisso com quem est\u00e1 na sela.<\/p>\n<\/div><\/div>\n\n<div class=\"et_pb_image_1 et_pb_image et_pb_module et_block_module\"><span class=\"et_pb_image_wrap\"><img loading=\"lazy\" decoding=\"async\" src=\"https:\/\/speedhorse.acloud.com.br\/wp-content\/uploads\/2026\/03\/watercolor-mask-04-800px.png\" width=\"800\" height=\"800\" srcset=\"https:\/\/speedhorse.acloud.com.br\/wp-content\/uploads\/2026\/03\/watercolor-mask-04-800px.png 800w, https:\/\/speedhorse.acloud.com.br\/wp-content\/uploads\/2026\/03\/watercolor-mask-04-800px-480x480.png 480w\" sizes=\"(min-width: 0px) and (max-width: 480px) 480px, (min-width: 481px) 800px, 100vw\" class=\"wp-image-76\" title=\"watercolor-mask-04-800px\" \/><\/span><\/div>\n<\/div>\n\n<div class=\"et_pb_column_7 et_pb_column et_pb_column_1_2 et-last-child et_block_column et_pb_css_mix_blend_mode_passthrough\">\n<div class=\"et_pb_image_2 et_pb_image et_pb_section_parallax et_pb_module et_block_module\"><span class=\"et-pb-parallax-wrapper\"><span class=\"et-pb-parallax-background et-pb-parallax-background-module--divi-image-2\" style=\"background-image:url(https:\/\/speedhorse.acloud.com.br\/wp-content\/uploads\/2026\/03\/freepik__crie-uma-foto-realista-do-cavalo-da-imagem-1-usand__8997.png)\"><\/span><\/span><span class=\"et_pb_image_wrap\"><img loading=\"lazy\" decoding=\"async\" src=\"https:\/\/speedhorse.acloud.com.br\/wp-content\/uploads\/2026\/03\/watercolor-mask-02-800px.png\" width=\"800\" height=\"972\" srcset=\"https:\/\/speedhorse.acloud.com.br\/wp-content\/uploads\/2026\/03\/watercolor-mask-02-800px.png 800w, https:\/\/speedhorse.acloud.com.br\/wp-content\/uploads\/2026\/03\/watercolor-mask-02-800px-480x583.png 480w\" sizes=\"(min-width: 0px) and (max-width: 480px) 480px, (min-width: 481px) 800px, 100vw\" class=\"wp-image-78\" title=\"horse-riding-14\" \/><\/span><\/div>\n\n<div class=\"et_pb_text_5 et_pb_text et_pb_bg_layout_light et_pb_module et_block_module preset--module--divi-text--b2b7ab98-a384-43e3-837a-bdbd86a4fb4b\"><div class=\"et_pb_text_inner\"><p>Entendemos que o seu cavalo \u00e9 o seu bem mais precioso. Por isso, a tradi\u00e7\u00e3o da Speed Horse \u00e9 sin\u00f4nimo de <b data-path-to-node=\"11\" data-index-in-node=\"105\">tranquilidade<\/b>. Quando voc\u00ea escolhe nossos produtos, est\u00e1 investindo em tecnologia de ponta desenvolvida por quem entende de cavalos para quem vive por eles.<\/p>\n<\/div><\/div>\n<\/div>\n<\/div>\n<\/div>\n\n<div class=\"et_pb_section_3 et_pb_section et_section_regular et_block_section\"><div class=\"et_pb_row_5 et_pb_row et_block_row\"><div class=\"et_pb_column_8 et_pb_column et_pb_column_1_2 et_block_column et_pb_css_mix_blend_mode_passthrough\"><div class=\"et_pb_text_6 et_pb_text et_pb_bg_layout_light et_pb_module et_block_module preset--module--divi-text--ef681c7f-2787-4e72-82ba-d4967118a042\"><div class=\"et_pb_text_inner\"><h1>Fale conosco<\/h1>\n<\/div><\/div><div class=\"et_pb_contact_form_0 et_pb_contact_form_container clearfix et_pb_module et_flex_module preset--module--divi-contact-form--940c711e-e02c-4008-b1cf-d920b99f04cf\" data-form_unique_num=\"0\" data-form_unique_id=\"7067d836e5cc6b8d0df5f1ee01accc26\" id=\"et_pb_contact_form_7067d836e5cc6b8d0df5f1ee01accc26\"><div class=\"et-pb-contact-message\"><\/div><div class=\"et_pb_contact\"><form class=\"et_pb_contact_form et_flex_module\" method=\"post\" action=\"https:\/\/speedhorse.acloud.com.br\/index.php\/wp-json\/wp\/v2\/pages\/11\"><div class=\"et_pb_contact_field_0 et_pb_contact_field et_pb_module et_flex_module et_flex_column_24_24 et_flex_column_24_24_tablet et_flex_column_24_24_phone\" data-id=\"name\" data-type=\"input\"><label class=\"et_pb_contact_form_label\">Name<\/label><input type=\"text\" name=\"et_pb_contact_0_name_0\" id=\"et_pb_contact_0_name_0\" class=\"input\" data-required_mark=\"required\" data-field_type=\"input\" data-original_id=\"name\" placeholder=\"Name\" title=\"\" value=\"\" \/><\/div><div class=\"et_pb_contact_field_1 et_pb_contact_field et_pb_module et_flex_module et_flex_column_24_24 et_flex_column_24_24_tablet et_flex_column_24_24_phone\" data-id=\"email\" data-type=\"email\"><label class=\"et_pb_contact_form_label\">Email Address<\/label><input type=\"text\" name=\"et_pb_contact_0_email_1\" id=\"et_pb_contact_0_email_1\" class=\"input\" data-required_mark=\"required\" data-field_type=\"email\" data-original_id=\"email\" placeholder=\"Email Address\" title=\"\" value=\"\" \/><\/div><div class=\"et_pb_contact_field_2 et_pb_contact_field et_pb_module et_flex_module et_flex_column_24_24 et_flex_column_24_24_tablet et_flex_column_24_24_phone\" data-id=\"message\" data-type=\"text\"><label class=\"et_pb_contact_form_label\">Message<\/label><textarea name=\"et_pb_contact_0_message_2\" id=\"et_pb_contact_0_message_2\" class=\"et_pb_contact_message input\" data-required_mark=\"required\" data-field_type=\"text\" data-original_id=\"message\" placeholder=\"Message\"><\/textarea><\/div><input type=\"hidden\" name=\"et_pb_contactform_submit_7067d836e5cc6b8d0df5f1ee01accc26\" value=\"et_contact_proccess\" \/><div class=\"et_contact_bottom_container\"><div class=\"et_pb_button_wrapper\"><button type=\"submit\" name=\"et_builder_submit_button\" class=\"et_pb_button et_pb_contact_submit\">Submit<\/button><\/div><\/div><input type=\"hidden\" id=\"_wpnonce-et-pb-contact-form-submitted-7067d836e5cc6b8d0df5f1ee01accc26\" name=\"_wpnonce-et-pb-contact-form-submitted-7067d836e5cc6b8d0df5f1ee01accc26\" value=\"c9c24b7caa\" \/><input type=\"hidden\" name=\"_wp_http_referer\" value=\"\/index.php\/wp-json\/wp\/v2\/pages\/11\" \/><\/form><\/div><\/div><\/div><div class=\"et_pb_column_9 et_pb_column et_pb_column_1_2 et-last-child et_block_column et_pb_css_mix_blend_mode_passthrough\"><div class=\"et_pb_text_7 et_pb_text et_pb_bg_layout_light et_pb_module et_block_module preset--module--divi-text--e609ada6-c09c-4deb-860f-b6bd2c6b3f4d\"><div class=\"et_pb_text_inner\"><h6>Phone<\/h6>\n<\/div><\/div><div class=\"et_pb_text_8 et_pb_text et_pb_bg_layout_light et_pb_module et_block_module preset--module--divi-text--d2abe558-f700-4f92-88ce-a704a7417707\"><div class=\"et_pb_text_inner\"><h3><a data-dtype=\"d3ph\" data-local-attribute=\"d3ph\" jscontroller=\"LWZElb\" href=\"https:\/\/www.google.com\/search?q=speed+horse&amp;rlz=1C1ISCS_pt-BRBR995BR995&amp;oq=speed+horse&amp;gs_lcrp=EgZjaHJvbWUyCQgAEEUYORiABDIHCAEQABiABDIICAIQABgWGB4yCAgDEAAYFhgeMgoIBBAAGAoYFhgeMggIBRAAGBYYHjIICAYQABgWGB4yCggHEAAYChgWGB4yCAgIEAAYFhgeMggICRAAGBYYHtIBCTYyOTJqMGoxNagCCLACAfEFd1sAh1gcKsM&amp;sourceid=chrome&amp;ie=UTF-8#\" jsdata=\"QKGTRc;_;X4S8aYXVBqSChuMPvsrcQQ43\" jsaction=\"rcuQ6b:npT2md;F75qrd\" data-ved=\"2ahUKEwjFgNHWjK2TAxUkgWEGHT4lNwgQkAgoAHoECDcQAw\"><span aria-label=\"Ligar para (15) 3282-7300\">(15) 3282-7300<\/span><\/a><\/h3>\n<\/div><\/div><div class=\"et_pb_text_9 et_pb_text et_pb_bg_layout_light et_pb_module et_block_module preset--module--divi-text--e609ada6-c09c-4deb-860f-b6bd2c6b3f4d\"><div class=\"et_pb_text_inner\"><h6>Email<\/h6>\n<\/div><\/div><div class=\"et_pb_text_10 et_pb_text et_pb_bg_layout_light et_pb_module et_block_module preset--module--divi-text--b2b7ab98-a384-43e3-837a-bdbd86a4fb4b\"><div class=\"et_pb_text_inner\"><p><a href=\"#\">adm@speedhorse.com.br<\/a><\/p>\n<\/div><\/div><div class=\"et_pb_text_11 et_pb_text et_pb_bg_layout_light et_pb_module et_block_module preset--module--divi-text--e609ada6-c09c-4deb-860f-b6bd2c6b3f4d\"><div class=\"et_pb_text_inner\"><h6>Endere\u00e7o<\/h6>\n<\/div><\/div><div class=\"et_pb_text_12 et_pb_text et_pb_bg_layout_light et_pb_module et_block_module preset--module--divi-text--b2b7ab98-a384-43e3-837a-bdbd86a4fb4b\"><div class=\"et_pb_text_inner\"><p><span>Av. Augusto Assis Cruz, 645 - Bonanza, Tiet\u00ea - SP<\/span><\/p>\n<\/div><\/div><\/div><\/div><\/div>\n\n<div class=\"et_pb_section_4 et_pb_section et_section_regular et_block_section\"><div class=\"et_pb_row_6 et_pb_row et_pb_equal_columns et_block_row\"><div class=\"et_pb_column_10 et_pb_column et_pb_column_1_3 et_block_column et_pb_css_mix_blend_mode_passthrough\"><div class=\"et_pb_image_3 et_pb_image et_pb_module et_block_module\"><span class=\"et_pb_image_wrap\"><img loading=\"lazy\" decoding=\"async\" src=\"https:\/\/speedhorse.acloud.com.br\/wp-content\/uploads\/2026\/03\/horse-riding-15.jpg\" width=\"400\" height=\"1015\" srcset=\"https:\/\/speedhorse.acloud.com.br\/wp-content\/uploads\/2026\/03\/horse-riding-15.jpg 400w, https:\/\/speedhorse.acloud.com.br\/wp-content\/uploads\/2026\/03\/horse-riding-15-118x300.jpg 118w\" sizes=\"(max-width: 400px) 100vw, 400px\" class=\"wp-image-80\" title=\"horse-riding-15\" \/><\/span><\/div><div class=\"et_pb_image_4 et_pb_image et_pb_module et_block_module\"><span class=\"et_pb_image_wrap\"><img loading=\"lazy\" decoding=\"async\" src=\"https:\/\/speedhorse.acloud.com.br\/wp-content\/uploads\/2026\/03\/horse-riding-17.jpg\" width=\"400\" height=\"1230\" srcset=\"https:\/\/speedhorse.acloud.com.br\/wp-content\/uploads\/2026\/03\/horse-riding-17.jpg 400w, https:\/\/speedhorse.acloud.com.br\/wp-content\/uploads\/2026\/03\/horse-riding-17-98x300.jpg 98w, https:\/\/speedhorse.acloud.com.br\/wp-content\/uploads\/2026\/03\/horse-riding-17-333x1024.jpg 333w\" sizes=\"(max-width: 400px) 100vw, 400px\" class=\"wp-image-81\" title=\"horse-riding-17\" \/><\/span><\/div><\/div><div class=\"et_pb_column_11 et_pb_column et_pb_column_1_3 et_block_column et_pb_css_mix_blend_mode_passthrough\"><div class=\"et_pb_text_13 et_pb_text et_pb_bg_layout_light et_pb_module et_block_module et_pb_text_align_center preset--module--divi-text--5405bb07-366a-4ff8-966a-284ba6089e11\"><div class=\"et_pb_text_inner\"><h2>Assine nossa Newsletter<\/h2>\n<\/div><\/div><div class=\"et_pb_module et_pb_button_module_wrapper et_pb_button_1_wrapper preset--module--divi-button--d5de8251-434f-48b3-ae2d-f2a19dedbefb_wrapper\"><a class=\"et_pb_button_1 et_pb_button et_pb_bg_layout_light et_pb_module et_block_module preset--module--divi-button--d5de8251-434f-48b3-ae2d-f2a19dedbefb\" href=\"\">quero receber novidades<\/a><\/div><\/div><div class=\"et_pb_column_12 et_pb_column et_pb_column_1_3 et-last-child et_block_column et_pb_css_mix_blend_mode_passthrough\"><div class=\"et_pb_image_5 et_pb_image et_pb_module et_block_module\"><span class=\"et_pb_image_wrap\"><img loading=\"lazy\" decoding=\"async\" src=\"https:\/\/speedhorse.acloud.com.br\/wp-content\/uploads\/2026\/03\/horse-riding-18.jpg\" width=\"400\" height=\"1230\" srcset=\"https:\/\/speedhorse.acloud.com.br\/wp-content\/uploads\/2026\/03\/horse-riding-18.jpg 400w, https:\/\/speedhorse.acloud.com.br\/wp-content\/uploads\/2026\/03\/horse-riding-18-98x300.jpg 98w, https:\/\/speedhorse.acloud.com.br\/wp-content\/uploads\/2026\/03\/horse-riding-18-333x1024.jpg 333w\" sizes=\"(max-width: 400px) 100vw, 400px\" class=\"wp-image-82\" title=\"horse-riding-18\" \/><\/span><\/div><div class=\"et_pb_image_6 et_pb_image et_pb_module et_block_module\"><span class=\"et_pb_image_wrap\"><img loading=\"lazy\" decoding=\"async\" src=\"https:\/\/speedhorse.acloud.com.br\/wp-content\/uploads\/2026\/03\/horse-riding-16.jpg\" width=\"400\" height=\"1015\" srcset=\"https:\/\/speedhorse.acloud.com.br\/wp-content\/uploads\/2026\/03\/horse-riding-16.jpg 400w, https:\/\/speedhorse.acloud.com.br\/wp-content\/uploads\/2026\/03\/horse-riding-16-118x300.jpg 118w\" sizes=\"(max-width: 400px) 100vw, 400px\" class=\"wp-image-83\" title=\"horse-riding-16\" \/><\/span><\/div><\/div><\/div><\/div>\n\n<div class=\"et_pb_section_5 et_pb_section et_section_regular et_block_section\">\n<div class=\"et_pb_row_7 et_pb_row et_pb_row_4col et_block_row et_block_row_4col\">\n<div class=\"et_pb_column_13 et_pb_column et_pb_column_1_4 et_block_column et_pb_css_mix_blend_mode_passthrough\">\n<div class=\"et_pb_text_14 et_pb_text et_pb_bg_layout_light et_pb_module et_block_module preset--module--divi-text--e609ada6-c09c-4deb-860f-b6bd2c6b3f4d\"><div class=\"et_pb_text_inner\"><h6>Loja Virtual<\/h6>\n<\/div><\/div>\n\n<div class=\"et_pb_text_15 et_pb_text et_pb_bg_layout_light et_pb_module et_block_module preset--module--divi-text--b2b7ab98-a384-43e3-837a-bdbd86a4fb4b\"><div class=\"et_pb_text_inner\"><p>Pol\u00edtica de trocas e devolu\u00e7\u00f5es<\/p>\n<\/div><\/div>\n\n<div class=\"et_pb_text_16 et_pb_text et_pb_bg_layout_light et_pb_module et_block_module preset--module--divi-text--b2b7ab98-a384-43e3-837a-bdbd86a4fb4b\"><div class=\"et_pb_text_inner\"><p>Pol\u00edtica de privacidade<\/p>\n<\/div><\/div>\n\n<div class=\"et_pb_text_17 et_pb_text et_pb_bg_layout_light et_pb_module et_block_module preset--module--divi-text--b2b7ab98-a384-43e3-837a-bdbd86a4fb4b\"><div class=\"et_pb_text_inner\"><p>Revenda<\/p>\n<\/div><\/div>\n<\/div>\n\n<div class=\"et_pb_column_14 et_pb_column et_pb_column_1_4 et_block_column et_pb_css_mix_blend_mode_passthrough\">\n<div class=\"et_pb_text_18 et_pb_text et_pb_bg_layout_light et_pb_module et_block_module preset--module--divi-text--e609ada6-c09c-4deb-860f-b6bd2c6b3f4d\"><div class=\"et_pb_text_inner\"><h6>Contato<\/h6>\n<\/div><\/div>\n\n<div class=\"et_pb_text_19 et_pb_text et_pb_bg_layout_light et_pb_module et_block_module preset--module--divi-text--b2b7ab98-a384-43e3-837a-bdbd86a4fb4b\"><div class=\"et_pb_text_inner\"><p><a href=\"#\">adm@speedhorse.com.br<\/a><\/p>\n<\/div><\/div>\n\n<div class=\"et_pb_text_20 et_pb_text et_pb_bg_layout_light et_pb_module et_block_module preset--module--divi-text--3bf4be5e-fdb9-4ada-9edf-c0b7065ccdf9\"><div class=\"et_pb_text_inner\"><h3><a data-dtype=\"d3ph\" data-local-attribute=\"d3ph\" jscontroller=\"LWZElb\" href=\"https:\/\/www.google.com\/search?q=speed+horse&amp;rlz=1C1ISCS_pt-BRBR995BR995&amp;oq=speed+horse&amp;gs_lcrp=EgZjaHJvbWUyCQgAEEUYORiABDIHCAEQABiABDIICAIQABgWGB4yCAgDEAAYFhgeMgoIBBAAGAoYFhgeMggIBRAAGBYYHjIICAYQABgWGB4yCggHEAAYChgWGB4yCAgIEAAYFhgeMggICRAAGBYYHtIBCTYyOTJqMGoxNagCCLACAfEFd1sAh1gcKsM&amp;sourceid=chrome&amp;ie=UTF-8#\" jsdata=\"QKGTRc;_;X4S8aYXVBqSChuMPvsrcQQ43\" jsaction=\"rcuQ6b:npT2md;F75qrd\" data-ved=\"2ahUKEwjFgNHWjK2TAxUkgWEGHT4lNwgQkAgoAHoECDcQAw\"><span aria-label=\"Ligar para (15) 3282-7300\">(15) 3282-7300<\/span><\/a><\/h3>\n<\/div><\/div>\n\n<div class=\"et_pb_text_21 et_pb_text et_pb_bg_layout_light et_pb_module et_block_module preset--module--divi-text--b2b7ab98-a384-43e3-837a-bdbd86a4fb4b\"><div class=\"et_pb_text_inner\"><p><span>Av. Augusto Assis Cruz, 645 - Bonanza, Tiet\u00ea - SP<\/span><\/p>\n<\/div><\/div>\n<\/div>\n\n<div class=\"et_pb_column_15 et_pb_column et_pb_column_1_4 et_block_column et_pb_css_mix_blend_mode_passthrough\">\n<div class=\"et_pb_text_22 et_pb_text et_pb_bg_layout_light et_pb_module et_block_module preset--module--divi-text--e609ada6-c09c-4deb-860f-b6bd2c6b3f4d\"><div class=\"et_pb_text_inner\"><h6>Hor\u00e1rio de funcionamento<\/h6>\n<\/div><\/div>\n\n<div class=\"et_pb_text_23 et_pb_text et_pb_bg_layout_light et_pb_module et_block_module preset--module--divi-text--b2b7ab98-a384-43e3-837a-bdbd86a4fb4b\"><div class=\"et_pb_text_inner\"><p>Segunda \u00e0 Sexta<\/p>\n<\/div><\/div>\n\n<div class=\"et_pb_text_24 et_pb_text et_pb_bg_layout_light et_pb_module et_block_module preset--module--divi-text--b2b7ab98-a384-43e3-837a-bdbd86a4fb4b\"><div class=\"et_pb_text_inner\"><p>Das 7:30h \u00e0s 17:00h<\/p>\n<\/div><\/div>\n<\/div>\n\n<div class=\"et_pb_column_16 et_pb_column et_pb_column_1_4 et-last-child et_block_column et_pb_css_mix_blend_mode_passthrough\">\n<div class=\"et_pb_text_25 et_pb_text et_pb_bg_layout_light et_pb_module et_block_module preset--module--divi-text--e609ada6-c09c-4deb-860f-b6bd2c6b3f4d\"><div class=\"et_pb_text_inner\"><h6>Siga-nos<\/h6>\n<\/div><\/div>\n\n<ul class=\"et_pb_social_media_follow_0 et_pb_social_media_follow clearfix et_pb_bg_layout_light et_pb_module et_block_module\">\n<li class=\"et_pb_social_media_follow_network_0 et_pb_social_media_follow_network et_pb_social_icon et_pb_social_network_link et-social-facebook et_pb_module et_flex_module\"><a href=\"#\" class=\"icon\" target=\"_self\" title=\"Siga em Facebook\" rel=\"noopener\"><span class=\"et_pb_social_media_follow_network_name\">Seguir<\/span><\/a><\/li>\n\n<li class=\"et_pb_social_media_follow_network_1 et_pb_social_media_follow_network et_pb_social_icon et_pb_social_network_link et-social-instagram et_pb_module et_flex_module\"><a href=\"#\" class=\"icon\" target=\"_self\" title=\"Siga em Instagram\" rel=\"noopener\"><span class=\"et_pb_social_media_follow_network_name\">Seguir<\/span><\/a><\/li>\n<\/ul>\n<\/div>\n<\/div>\n\n<div class=\"et_pb_row_8 et_pb_row et_block_row\">\n<div class=\"et_pb_column_17 et_pb_column et_pb_column_4_4 et-last-child et_block_column et_pb_css_mix_blend_mode_passthrough\">\n<div class=\"et_pb_text_26 et_pb_text et_pb_bg_layout_light et_pb_module et_block_module et_pb_text_align_center preset--module--divi-text--21a8c30c-785c-4361-994c-65b082209636\"><div class=\"et_pb_text_inner\"><p>Copyright &copy; 2026 Divi. All Rights Reserved.<\/p>\n<\/div><\/div>\n<\/div>\n<\/div>\n<\/div>","protected":false},"excerpt":{"rendered":"","protected":false},"author":1,"featured_media":0,"parent":0,"menu_order":0,"comment_status":"closed","ping_status":"closed","template":"","meta":{"footnotes":""},"difl_page_category":[],"class_list":["post-11","page","type-page","status-publish","hentry"],"_links":{"self":[{"href":"https:\/\/speedhorse.acloud.com.br\/index.php\/wp-json\/wp\/v2\/pages\/11","targetHints":{"allow":["GET"]}}],"collection":[{"href":"https:\/\/speedhorse.acloud.com.br\/index.php\/wp-json\/wp\/v2\/pages"}],"about":[{"href":"https:\/\/speedhorse.acloud.com.br\/index.php\/wp-json\/wp\/v2\/types\/page"}],"author":[{"embeddable":true,"href":"https:\/\/speedhorse.acloud.com.br\/index.php\/wp-json\/wp\/v2\/users\/1"}],"replies":[{"embeddable":true,"href":"https:\/\/speedhorse.acloud.com.br\/index.php\/wp-json\/wp\/v2\/comments?post=11"}],"version-history":[{"count":28,"href":"https:\/\/speedhorse.acloud.com.br\/index.php\/wp-json\/wp\/v2\/pages\/11\/revisions"}],"predecessor-version":[{"id":168,"href":"https:\/\/speedhorse.acloud.com.br\/index.php\/wp-json\/wp\/v2\/pages\/11\/revisions\/168"}],"wp:attachment":[{"href":"https:\/\/speedhorse.acloud.com.br\/index.php\/wp-json\/wp\/v2\/media?parent=11"}],"wp:term":[{"taxonomy":"difl_page_category","embeddable":true,"href":"https:\/\/speedhorse.acloud.com.br\/index.php\/wp-json\/wp\/v2\/difl_page_category?post=11"}],"curies":[{"name":"wp","href":"https:\/\/api.w.org\/{rel}","templated":true}]}}